{"id":1020,"date":"2023-05-12T16:33:20","date_gmt":"2023-05-12T16:33:20","guid":{"rendered":"https:\/\/shop-thermalcombustion.com\/producto\/import-placeholder-for-426\/"},"modified":"2023-06-23T16:22:47","modified_gmt":"2023-06-23T16:22:47","slug":"actuador-siemens-sqm48-697b9-2","status":"publish","type":"product","link":"https:\/\/thermalcombustion.com\/catalogo1\/producto\/actuador-siemens-sqm48-697b9-2\/","title":{"rendered":"Actuador Siemens SQM48.697B9"},"content":{"rendered":"<p>Los actuadores SQM48 est\u00e1n concebidos para el accionamiento de reguladores de presi\u00f3n de combustible s\u00f3lido, v\u00e1lvulas de chapaleta, v\u00e1lvulas de mariposa u otras aplicaciones con movimiento giratorio. Sus campos de aplicaci\u00f3n son quemadores de aceite y gas de potencia media y alta, as\u00ed como instalaciones de termoprocesos.<\/p>\n","protected":false},"excerpt":{"rendered":"<p>Actuadores para regulaci\u00f3n de compuertas de aire y gas<\/p>\n","protected":false},"featured_media":685,"template":"","meta":{"content-type":"","_joinchat":[]},"product_cat":[39],"product_tag":[51],"_links":{"self":[{"href":"https:\/\/thermalcombustion.com\/catalogo1\/wp-json\/wp\/v2\/product\/1020"}],"collection":[{"href":"https:\/\/thermalcombustion.com\/catalogo1\/wp-json\/wp\/v2\/product"}],"about":[{"href":"https:\/\/thermalcombustion.com\/catalogo1\/wp-json\/wp\/v2\/types\/product"}],"wp:featuredmedia":[{"embeddable":true,"href":"https:\/\/thermalcombustion.com\/catalogo1\/wp-json\/wp\/v2\/media\/685"}],"wp:attachment":[{"href":"https:\/\/thermalcombustion.com\/catalogo1\/wp-json\/wp\/v2\/media?parent=1020"}],"wp:term":[{"taxonomy":"product_cat","embeddable":true,"href":"https:\/\/thermalcombustion.com\/catalogo1\/wp-json\/wp\/v2\/product_cat?post=1020"},{"taxonomy":"product_tag","embeddable":true,"href":"https:\/\/thermalcombustion.com\/catalogo1\/wp-json\/wp\/v2\/product_tag?post=1020"}],"curies":[{"name":"wp","href":"https:\/\/api.w.org\/{rel}","templated":true}]}}