{"id":1024,"date":"2023-05-12T16:33:21","date_gmt":"2023-05-12T16:33:21","guid":{"rendered":"https:\/\/shop-thermalcombustion.com\/producto\/import-placeholder-for-430\/"},"modified":"2023-06-29T17:18:43","modified_gmt":"2023-06-29T17:18:43","slug":"actuador-siemens-sqm50-464r1z3","status":"publish","type":"product","link":"https:\/\/thermalcombustion.com\/catalogo1\/producto\/actuador-siemens-sqm50-464r1z3\/","title":{"rendered":"Actuador Siemens SQM50.464R1Z3"},"content":{"rendered":"<p>Los actuadores reversibles SQM5 &#8230; se utilizan para el posicionamiento de v\u00e1lvulas de control de flujo, v\u00e1lvulas mariposa, amortiguadores o cualquier aplicaci\u00f3n que requiera movimiento giratorio.<\/p>\n","protected":false},"excerpt":{"rendered":"<p>Actuadores reversibles<\/p>\n","protected":false},"featured_media":365,"template":"","meta":{"content-type":"","_joinchat":[]},"product_cat":[39],"product_tag":[51],"_links":{"self":[{"href":"https:\/\/thermalcombustion.com\/catalogo1\/wp-json\/wp\/v2\/product\/1024"}],"collection":[{"href":"https:\/\/thermalcombustion.com\/catalogo1\/wp-json\/wp\/v2\/product"}],"about":[{"href":"https:\/\/thermalcombustion.com\/catalogo1\/wp-json\/wp\/v2\/types\/product"}],"wp:featuredmedia":[{"embeddable":true,"href":"https:\/\/thermalcombustion.com\/catalogo1\/wp-json\/wp\/v2\/media\/365"}],"wp:attachment":[{"href":"https:\/\/thermalcombustion.com\/catalogo1\/wp-json\/wp\/v2\/media?parent=1024"}],"wp:term":[{"taxonomy":"product_cat","embeddable":true,"href":"https:\/\/thermalcombustion.com\/catalogo1\/wp-json\/wp\/v2\/product_cat?post=1024"},{"taxonomy":"product_tag","embeddable":true,"href":"https:\/\/thermalcombustion.com\/catalogo1\/wp-json\/wp\/v2\/product_tag?post=1024"}],"curies":[{"name":"wp","href":"https:\/\/api.w.org\/{rel}","templated":true}]}}