{"id":1034,"date":"2023-05-12T16:33:45","date_gmt":"2023-05-12T16:33:45","guid":{"rendered":"https:\/\/shop-thermalcombustion.com\/producto\/import-placeholder-for-578\/"},"modified":"2023-06-29T16:26:03","modified_gmt":"2023-06-29T16:26:03","slug":"controles-contra-falla-de-flama-lme22-232c2","status":"publish","type":"product","link":"https:\/\/thermalcombustion.com\/catalogo1\/producto\/controles-contra-falla-de-flama-lme22-232c2\/","title":{"rendered":"Controles Contra Falla de Flama  LME22.232C2"},"content":{"rendered":"<p>Los\u00a0<strong>controles contra falla de flama Siemens<\/strong>, tambi\u00e9n conocidos como Control Box \u00f3 Control de flama \u00f3 Control de llama, para quemadores industriales, son altamente seguros y garantizan un funcionamiento fiable, permite la supervisi\u00f3n de la falla de flama de quemadores de diferentes tipos y modalidades (Una etapa | encendido-apagado | On \u2013 Off). Lo que permite que los procesos en donde se involucren sistemas de Combusti\u00f3n sean confiables y de muy bajo riesgo, dado que involucran combustibles flamables.<\/p>\n","protected":false},"excerpt":{"rendered":"<p>Controles Contra Falla de Flama SIEMENS | Control Box<br \/>\nLME22.232A2 Actualizado por LME22.232C2<br \/>\nAntes LGB22.230A27 | LMG22.230B27<\/p>\n","protected":false},"featured_media":591,"template":"","meta":{"content-type":"","_joinchat":[]},"product_cat":[34],"product_tag":[36],"_links":{"self":[{"href":"https:\/\/thermalcombustion.com\/catalogo1\/wp-json\/wp\/v2\/product\/1034"}],"collection":[{"href":"https:\/\/thermalcombustion.com\/catalogo1\/wp-json\/wp\/v2\/product"}],"about":[{"href":"https:\/\/thermalcombustion.com\/catalogo1\/wp-json\/wp\/v2\/types\/product"}],"wp:featuredmedia":[{"embeddable":true,"href":"https:\/\/thermalcombustion.com\/catalogo1\/wp-json\/wp\/v2\/media\/591"}],"wp:attachment":[{"href":"https:\/\/thermalcombustion.com\/catalogo1\/wp-json\/wp\/v2\/media?parent=1034"}],"wp:term":[{"taxonomy":"product_cat","embeddable":true,"href":"https:\/\/thermalcombustion.com\/catalogo1\/wp-json\/wp\/v2\/product_cat?post=1034"},{"taxonomy":"product_tag","embeddable":true,"href":"https:\/\/thermalcombustion.com\/catalogo1\/wp-json\/wp\/v2\/product_tag?post=1034"}],"curies":[{"name":"wp","href":"https:\/\/api.w.org\/{rel}","templated":true}]}}