{"id":1048,"date":"2023-05-12T16:33:46","date_gmt":"2023-05-12T16:33:46","guid":{"rendered":"https:\/\/shop-thermalcombustion.com\/producto\/import-placeholder-for-706\/"},"modified":"2023-06-29T17:18:34","modified_gmt":"2023-06-29T17:18:34","slug":"control-de-temperatura-siemens-rwf55-50a9","status":"publish","type":"product","link":"https:\/\/thermalcombustion.com\/catalogo1\/producto\/control-de-temperatura-siemens-rwf55-50a9\/","title":{"rendered":"Control de temperatura Siemens RWF55.50A9"},"content":{"rendered":"<p>Regulador universal compacto optimizado para la regulaci\u00f3n de temperatura y presi\u00f3n, para el control de quemadores modulantes o multietapa y sistemas de climatizaci\u00f3n<\/p>\n","protected":false},"excerpt":{"rendered":"<p>RWF55.50A9<\/p>\n","protected":false},"featured_media":708,"template":"","meta":{"content-type":"","_joinchat":[]},"product_cat":[43],"product_tag":[51],"_links":{"self":[{"href":"https:\/\/thermalcombustion.com\/catalogo1\/wp-json\/wp\/v2\/product\/1048"}],"collection":[{"href":"https:\/\/thermalcombustion.com\/catalogo1\/wp-json\/wp\/v2\/product"}],"about":[{"href":"https:\/\/thermalcombustion.com\/catalogo1\/wp-json\/wp\/v2\/types\/product"}],"wp:featuredmedia":[{"embeddable":true,"href":"https:\/\/thermalcombustion.com\/catalogo1\/wp-json\/wp\/v2\/media\/708"}],"wp:attachment":[{"href":"https:\/\/thermalcombustion.com\/catalogo1\/wp-json\/wp\/v2\/media?parent=1048"}],"wp:term":[{"taxonomy":"product_cat","embeddable":true,"href":"https:\/\/thermalcombustion.com\/catalogo1\/wp-json\/wp\/v2\/product_cat?post=1048"},{"taxonomy":"product_tag","embeddable":true,"href":"https:\/\/thermalcombustion.com\/catalogo1\/wp-json\/wp\/v2\/product_tag?post=1048"}],"curies":[{"name":"wp","href":"https:\/\/api.w.org\/{rel}","templated":true}]}}