{"id":1059,"date":"2023-05-12T16:34:03","date_gmt":"2023-05-12T16:34:03","guid":{"rendered":"https:\/\/shop-thermalcombustion.com\/producto\/import-placeholder-for-742\/"},"modified":"2023-06-29T16:34:00","modified_gmt":"2023-06-29T16:34:00","slug":"detector-de-llama-qra21","status":"publish","type":"product","link":"https:\/\/thermalcombustion.com\/catalogo1\/producto\/detector-de-llama-qra21\/","title":{"rendered":"Detector de llama QRA2(1)"},"content":{"rendered":"<p>Los detectores de llama UV esta\u0301n disen\u0303ados para uso con las cajas de control de quemadores Siemens para la supervisio\u0301n de llamas de gas y gaso\u0301leo.<\/p>\n","protected":false},"excerpt":{"rendered":"<p>Los detectores de Flama UV \u00f3 tambi\u00e9n llamadas Fotoceldas, est\u00e1n dise\u00f1ados para usarse con controles de quemador (Controles Contra Falla de Flama) Siemens, para la supervisi\u00f3n de flamas \u00f3 llamas de gas o aceite ligero (Diesel).<\/p>\n","protected":false},"featured_media":743,"template":"","meta":{"content-type":"","_joinchat":[]},"product_cat":[46],"product_tag":[51],"_links":{"self":[{"href":"https:\/\/thermalcombustion.com\/catalogo1\/wp-json\/wp\/v2\/product\/1059"}],"collection":[{"href":"https:\/\/thermalcombustion.com\/catalogo1\/wp-json\/wp\/v2\/product"}],"about":[{"href":"https:\/\/thermalcombustion.com\/catalogo1\/wp-json\/wp\/v2\/types\/product"}],"wp:featuredmedia":[{"embeddable":true,"href":"https:\/\/thermalcombustion.com\/catalogo1\/wp-json\/wp\/v2\/media\/743"}],"wp:attachment":[{"href":"https:\/\/thermalcombustion.com\/catalogo1\/wp-json\/wp\/v2\/media?parent=1059"}],"wp:term":[{"taxonomy":"product_cat","embeddable":true,"href":"https:\/\/thermalcombustion.com\/catalogo1\/wp-json\/wp\/v2\/product_cat?post=1059"},{"taxonomy":"product_tag","embeddable":true,"href":"https:\/\/thermalcombustion.com\/catalogo1\/wp-json\/wp\/v2\/product_tag?post=1059"}],"curies":[{"name":"wp","href":"https:\/\/api.w.org\/{rel}","templated":true}]}}