{"id":162,"date":"2020-10-12T18:40:19","date_gmt":"2020-10-12T18:40:19","guid":{"rendered":"https:\/\/shop-thermalcombustion.com\/producto\/controles-contra-falla-de-flama-lal1-25-220\/"},"modified":"2023-06-23T16:50:35","modified_gmt":"2023-06-23T16:50:35","slug":"controles-contra-falla-de-flama-lal1-25-220","status":"publish","type":"product","link":"https:\/\/thermalcombustion.com\/catalogo1\/producto\/controles-contra-falla-de-flama-lal1-25-220\/","title":{"rendered":"Controles Contra Falla de Flama LAL1.25-220V"},"content":{"rendered":"<p>Estos controles SIEMENS contra falla de flama, tambi\u00e9n conocidos como Control Box \u00f3 Control de Flama, para quemadores que trabajan con combustibles l\u00edquidos \u2013 Di\u00e9sel o Aceite Ligero \u2013 atomizados de potencia media a elevada dise\u00f1ados para Operar Dos Etapas | Dos Flamas | Two stages \u00f3 MODULANTES, son altamente seguros y garantizan un funcionamiento fiable, permite la supervisi\u00f3n de la falla de flama. Lo que permite que los procesos en donde se involucren sistemas de Combusti\u00f3n sean confiables y de muy bajo riesgo, dado que involucran combustibles flamables.<\/p>\n","protected":false},"excerpt":{"rendered":"<p>Controles Contra Falla de Flama SIEMENS | Control Box<\/p>\n","protected":false},"featured_media":730,"template":"","meta":{"content-type":"","_joinchat":[]},"product_cat":[34],"product_tag":[36],"_links":{"self":[{"href":"https:\/\/thermalcombustion.com\/catalogo1\/wp-json\/wp\/v2\/product\/162"}],"collection":[{"href":"https:\/\/thermalcombustion.com\/catalogo1\/wp-json\/wp\/v2\/product"}],"about":[{"href":"https:\/\/thermalcombustion.com\/catalogo1\/wp-json\/wp\/v2\/types\/product"}],"wp:featuredmedia":[{"embeddable":true,"href":"https:\/\/thermalcombustion.com\/catalogo1\/wp-json\/wp\/v2\/media\/730"}],"wp:attachment":[{"href":"https:\/\/thermalcombustion.com\/catalogo1\/wp-json\/wp\/v2\/media?parent=162"}],"wp:term":[{"taxonomy":"product_cat","embeddable":true,"href":"https:\/\/thermalcombustion.com\/catalogo1\/wp-json\/wp\/v2\/product_cat?post=162"},{"taxonomy":"product_tag","embeddable":true,"href":"https:\/\/thermalcombustion.com\/catalogo1\/wp-json\/wp\/v2\/product_tag?post=162"}],"curies":[{"name":"wp","href":"https:\/\/api.w.org\/{rel}","templated":true}]}}