{"id":165,"date":"2020-10-12T18:40:20","date_gmt":"2020-10-12T18:40:20","guid":{"rendered":"https:\/\/shop-thermalcombustion.com\/producto\/controles-contra-falla-de-flama-ldu11-523a17\/"},"modified":"2023-06-28T16:29:38","modified_gmt":"2023-06-28T16:29:38","slug":"controles-contra-falla-de-flama-ldu11-523a17","status":"publish","type":"product","link":"https:\/\/thermalcombustion.com\/catalogo1\/producto\/controles-contra-falla-de-flama-ldu11-523a17\/","title":{"rendered":"Controles Contra Falla de Flama LDU11.523A17"},"content":{"rendered":"<p>El sistema de comprobaci\u00f3n de v\u00e1lvulas LDU11 est\u00e1 dise\u00f1ado para uso con v\u00e1lvulas de corte para quemadores de gas y aparatos de gas. En caso de existir fugas no admisibles, el sistema evita el arranque del quemador.<br \/>\nEl sistema LDU11 est\u00e1 concebido para el \u00e1mbito de aplicaci\u00f3n conforme a EN 1643, as\u00ed como para v\u00e1lvulas autom\u00e1ticas de corte para quemadores y aparatos que utilizan combustibles gaseosos conforme a EN 161, clase A, y dispositivos de control de presi\u00f3n conforme a EN 1854. <\/p>\n","protected":false},"excerpt":{"rendered":"<p>Sistema de comprobaci\u00f3n para v\u00e1lvulas autom\u00e1ticas de corte <\/p>\n","protected":false},"featured_media":730,"template":"","meta":{"content-type":"","_joinchat":[]},"product_cat":[34],"product_tag":[36],"_links":{"self":[{"href":"https:\/\/thermalcombustion.com\/catalogo1\/wp-json\/wp\/v2\/product\/165"}],"collection":[{"href":"https:\/\/thermalcombustion.com\/catalogo1\/wp-json\/wp\/v2\/product"}],"about":[{"href":"https:\/\/thermalcombustion.com\/catalogo1\/wp-json\/wp\/v2\/types\/product"}],"wp:featuredmedia":[{"embeddable":true,"href":"https:\/\/thermalcombustion.com\/catalogo1\/wp-json\/wp\/v2\/media\/730"}],"wp:attachment":[{"href":"https:\/\/thermalcombustion.com\/catalogo1\/wp-json\/wp\/v2\/media?parent=165"}],"wp:term":[{"taxonomy":"product_cat","embeddable":true,"href":"https:\/\/thermalcombustion.com\/catalogo1\/wp-json\/wp\/v2\/product_cat?post=165"},{"taxonomy":"product_tag","embeddable":true,"href":"https:\/\/thermalcombustion.com\/catalogo1\/wp-json\/wp\/v2\/product_tag?post=165"}],"curies":[{"name":"wp","href":"https:\/\/api.w.org\/{rel}","templated":true}]}}