{"id":168,"date":"2020-10-12T18:40:21","date_gmt":"2020-10-12T18:40:21","guid":{"rendered":"https:\/\/shop-thermalcombustion.com\/producto\/controles-contra-falla-de-flama-lfl1-333-110v\/"},"modified":"2023-06-28T16:29:17","modified_gmt":"2023-06-28T16:29:17","slug":"controles-contra-falla-de-flama-lfl1-333-110v","status":"publish","type":"product","link":"https:\/\/thermalcombustion.com\/catalogo1\/producto\/controles-contra-falla-de-flama-lfl1-333-110v\/","title":{"rendered":"Controles Contra Falla de Flama LFL1.333-110V"},"content":{"rendered":"<p>Estos controles de quemador SIEMENS contra falla de flama, tambi\u00e9n conocidos como Control Box \u00f3 Sensor de Flama, para Quemadores de Tiro Forzado que trabajan con GAS, combustibles l\u00edquidos \u2013 Di\u00e9sel o Aceite Ligero \u2013 atomizados o que ocupen los 2 tipos de combustibles de potencia media a alta, dise\u00f1ados para Operar Dos Etapas | Dos Flamas | Two stages \u00f3 MODULANTES, permiten el funcionamiento a quemadores con o sin postventilaci\u00f3n, pueden conectarse directamente a ventiladores monof\u00e1sico con una corriente, salidas separadas por las ordenes de: \u00abAbrir\u00bb, \u00abCerrar\u00bb y \u00abMIN\u00bb del actuador de la compuerta, control supervisado de la compuerta para garantizar el caudal de aire nominal, test de funcionamiento del presostato antes del arranque y vigilancia de la presi\u00f3n de aire desde el comienzo de preventilaci\u00f3n preestablecido, hasta el paro por regulaci\u00f3n, salida de mando aut\u00f3noma para una v\u00e1lvula de combustible que se cierra pasado el 2do tiempo de seguridad, son altamente seguros y garantizan un funcionamiento fiable, permite la supervisi\u00f3n de la falla de flama. Lo que permite que los procesos en donde se involucren sistemas de Combusti\u00f3n sean confiables y de muy bajo riesgo, dado que involucran combustibles flamables.<\/p>\n","protected":false},"excerpt":{"rendered":"<p>Controles Contra Falla de Flama SIEMENS | Control Box<\/p>\n","protected":false},"featured_media":730,"template":"","meta":{"content-type":"","_joinchat":[]},"product_cat":[34],"product_tag":[36],"_links":{"self":[{"href":"https:\/\/thermalcombustion.com\/catalogo1\/wp-json\/wp\/v2\/product\/168"}],"collection":[{"href":"https:\/\/thermalcombustion.com\/catalogo1\/wp-json\/wp\/v2\/product"}],"about":[{"href":"https:\/\/thermalcombustion.com\/catalogo1\/wp-json\/wp\/v2\/types\/product"}],"wp:featuredmedia":[{"embeddable":true,"href":"https:\/\/thermalcombustion.com\/catalogo1\/wp-json\/wp\/v2\/media\/730"}],"wp:attachment":[{"href":"https:\/\/thermalcombustion.com\/catalogo1\/wp-json\/wp\/v2\/media?parent=168"}],"wp:term":[{"taxonomy":"product_cat","embeddable":true,"href":"https:\/\/thermalcombustion.com\/catalogo1\/wp-json\/wp\/v2\/product_cat?post=168"},{"taxonomy":"product_tag","embeddable":true,"href":"https:\/\/thermalcombustion.com\/catalogo1\/wp-json\/wp\/v2\/product_tag?post=168"}],"curies":[{"name":"wp","href":"https:\/\/api.w.org\/{rel}","templated":true}]}}