{"id":396,"date":"2021-01-25T19:54:01","date_gmt":"2021-01-25T19:54:01","guid":{"rendered":"https:\/\/shop-thermalcombustion.com\/producto\/actuador-siemens-skp15-011u1\/"},"modified":"2023-06-23T16:37:14","modified_gmt":"2023-06-23T16:37:14","slug":"actuador-siemens-skp15-011u1","status":"publish","type":"product","link":"https:\/\/thermalcombustion.com\/catalogo1\/producto\/actuador-siemens-skp15-011u1\/","title":{"rendered":"Actuador Siemens SKP15.011U1"},"content":{"rendered":"<p>Las valvuler\u00edas de gas accionadas electro hidr\u00e1ulicamente SKP15 con VGx funcionan exclusivamente como v\u00e1lvula de cierre de seguridad (Abierto \/ Cerrado) y est\u00e1n previstas para su uso preferentemente en plantas de combusti\u00f3n de gas. Los actuadores abren lentamente y cierran r\u00e1pidamente. Una indicaci\u00f3n de carrera de v\u00e1lvula en el actuador tan solo puede suministrarse con interruptores finales.<\/p>\n","protected":false},"excerpt":{"rendered":"<p>Actuadores para v\u00e1lvulas de gas | Modutrol | Servomotor<\/p>\n","protected":false},"featured_media":364,"template":"","meta":{"content-type":"","_joinchat":[]},"product_cat":[37],"product_tag":[51],"_links":{"self":[{"href":"https:\/\/thermalcombustion.com\/catalogo1\/wp-json\/wp\/v2\/product\/396"}],"collection":[{"href":"https:\/\/thermalcombustion.com\/catalogo1\/wp-json\/wp\/v2\/product"}],"about":[{"href":"https:\/\/thermalcombustion.com\/catalogo1\/wp-json\/wp\/v2\/types\/product"}],"wp:featuredmedia":[{"embeddable":true,"href":"https:\/\/thermalcombustion.com\/catalogo1\/wp-json\/wp\/v2\/media\/364"}],"wp:attachment":[{"href":"https:\/\/thermalcombustion.com\/catalogo1\/wp-json\/wp\/v2\/media?parent=396"}],"wp:term":[{"taxonomy":"product_cat","embeddable":true,"href":"https:\/\/thermalcombustion.com\/catalogo1\/wp-json\/wp\/v2\/product_cat?post=396"},{"taxonomy":"product_tag","embeddable":true,"href":"https:\/\/thermalcombustion.com\/catalogo1\/wp-json\/wp\/v2\/product_tag?post=396"}],"curies":[{"name":"wp","href":"https:\/\/api.w.org\/{rel}","templated":true}]}}