{"id":410,"date":"2021-01-25T19:54:05","date_gmt":"2021-01-25T19:54:05","guid":{"rendered":"https:\/\/shop-thermalcombustion.com\/producto\/actuador-siemens-skp55-012u1\/"},"modified":"2023-06-29T16:53:44","modified_gmt":"2023-06-29T16:53:44","slug":"actuador-siemens-skp55-012u1","status":"publish","type":"product","link":"https:\/\/thermalcombustion.com\/catalogo1\/producto\/actuador-siemens-skp55-012u1\/","title":{"rendered":"Actuador Siemens SKP55.012U1"},"content":{"rendered":"<p>El SKP55 funciona como regulador de presi\u00f3n diferencial y regula una presi\u00f3n diferencial del gas seg\u00fan una presi\u00f3n diferencial de aire. La relaci\u00f3n de las presiones diferenciales es 1:1 y permanece constante en todo el rango de aire.<\/p>\n","protected":false},"excerpt":{"rendered":"<p>Actuadores para v\u00e1lvulas de gas | Modutrol | Servomotor<\/p>\n","protected":false},"featured_media":367,"template":"","meta":{"content-type":"","_joinchat":[]},"product_cat":[37],"product_tag":[51],"_links":{"self":[{"href":"https:\/\/thermalcombustion.com\/catalogo1\/wp-json\/wp\/v2\/product\/410"}],"collection":[{"href":"https:\/\/thermalcombustion.com\/catalogo1\/wp-json\/wp\/v2\/product"}],"about":[{"href":"https:\/\/thermalcombustion.com\/catalogo1\/wp-json\/wp\/v2\/types\/product"}],"wp:featuredmedia":[{"embeddable":true,"href":"https:\/\/thermalcombustion.com\/catalogo1\/wp-json\/wp\/v2\/media\/367"}],"wp:attachment":[{"href":"https:\/\/thermalcombustion.com\/catalogo1\/wp-json\/wp\/v2\/media?parent=410"}],"wp:term":[{"taxonomy":"product_cat","embeddable":true,"href":"https:\/\/thermalcombustion.com\/catalogo1\/wp-json\/wp\/v2\/product_cat?post=410"},{"taxonomy":"product_tag","embeddable":true,"href":"https:\/\/thermalcombustion.com\/catalogo1\/wp-json\/wp\/v2\/product_tag?post=410"}],"curies":[{"name":"wp","href":"https:\/\/api.w.org\/{rel}","templated":true}]}}