{"id":429,"date":"2021-01-25T19:54:11","date_gmt":"2021-01-25T19:54:11","guid":{"rendered":"https:\/\/shop-thermalcombustion.com\/producto\/actuador-siemens-sqm50-464r1g3\/"},"modified":"2023-06-29T17:19:25","modified_gmt":"2023-06-29T17:19:25","slug":"actuador-siemens-sqm50-464r1g3","status":"publish","type":"product","link":"https:\/\/thermalcombustion.com\/catalogo1\/producto\/actuador-siemens-sqm50-464r1g3\/","title":{"rendered":"Actuador Siemens SQM50.464R1G3"},"content":{"rendered":"<p>Los actuadores reversibles SQM5 &#8230; se utilizan para el posicionamiento de v\u00e1lvulas de control de flujo, v\u00e1lvulas mariposa, amortiguadores o cualquier aplicaci\u00f3n que requiera movimiento giratorio.<\/p>\n","protected":false},"excerpt":{"rendered":"<p>Actuadores reversibles<\/p>\n","protected":false},"featured_media":365,"template":"","meta":{"content-type":"","_joinchat":[]},"product_cat":[39],"product_tag":[51],"_links":{"self":[{"href":"https:\/\/thermalcombustion.com\/catalogo1\/wp-json\/wp\/v2\/product\/429"}],"collection":[{"href":"https:\/\/thermalcombustion.com\/catalogo1\/wp-json\/wp\/v2\/product"}],"about":[{"href":"https:\/\/thermalcombustion.com\/catalogo1\/wp-json\/wp\/v2\/types\/product"}],"wp:featuredmedia":[{"embeddable":true,"href":"https:\/\/thermalcombustion.com\/catalogo1\/wp-json\/wp\/v2\/media\/365"}],"wp:attachment":[{"href":"https:\/\/thermalcombustion.com\/catalogo1\/wp-json\/wp\/v2\/media?parent=429"}],"wp:term":[{"taxonomy":"product_cat","embeddable":true,"href":"https:\/\/thermalcombustion.com\/catalogo1\/wp-json\/wp\/v2\/product_cat?post=429"},{"taxonomy":"product_tag","embeddable":true,"href":"https:\/\/thermalcombustion.com\/catalogo1\/wp-json\/wp\/v2\/product_tag?post=429"}],"curies":[{"name":"wp","href":"https:\/\/api.w.org\/{rel}","templated":true}]}}