{"id":699,"date":"2021-04-21T19:26:07","date_gmt":"2021-04-21T19:26:07","guid":{"rendered":"https:\/\/shop-thermalcombustion.com\/?post_type=product&#038;p=699"},"modified":"2023-06-23T16:37:37","modified_gmt":"2023-06-23T16:37:37","slug":"control-de-temperatura-rwf50-30a9","status":"publish","type":"product","link":"https:\/\/thermalcombustion.com\/catalogo1\/producto\/control-de-temperatura-rwf50-30a9\/","title":{"rendered":"Control de temperatura Siemens RWF50.30A9"},"content":{"rendered":"<p>Regulador universal compacto optimizado para la regulaci\u00f3n de temperatura y presi\u00f3n, para el control de quemadores modulantes o multietapa y sistemas de climatizaci\u00f3n<\/p>\n","protected":false},"excerpt":{"rendered":"<p>RWF50.30A9<\/p>\n","protected":false},"featured_media":703,"template":"","meta":{"content-type":"","_joinchat":[]},"product_cat":[43],"product_tag":[51],"_links":{"self":[{"href":"https:\/\/thermalcombustion.com\/catalogo1\/wp-json\/wp\/v2\/product\/699"}],"collection":[{"href":"https:\/\/thermalcombustion.com\/catalogo1\/wp-json\/wp\/v2\/product"}],"about":[{"href":"https:\/\/thermalcombustion.com\/catalogo1\/wp-json\/wp\/v2\/types\/product"}],"wp:featuredmedia":[{"embeddable":true,"href":"https:\/\/thermalcombustion.com\/catalogo1\/wp-json\/wp\/v2\/media\/703"}],"wp:attachment":[{"href":"https:\/\/thermalcombustion.com\/catalogo1\/wp-json\/wp\/v2\/media?parent=699"}],"wp:term":[{"taxonomy":"product_cat","embeddable":true,"href":"https:\/\/thermalcombustion.com\/catalogo1\/wp-json\/wp\/v2\/product_cat?post=699"},{"taxonomy":"product_tag","embeddable":true,"href":"https:\/\/thermalcombustion.com\/catalogo1\/wp-json\/wp\/v2\/product_tag?post=699"}],"curies":[{"name":"wp","href":"https:\/\/api.w.org\/{rel}","templated":true}]}}