{"id":988,"date":"2023-05-12T16:32:56","date_gmt":"2023-05-12T16:32:56","guid":{"rendered":"https:\/\/shop-thermalcombustion.com\/producto\/import-placeholder-for-173\/"},"modified":"2023-06-23T16:25:25","modified_gmt":"2023-06-23T16:25:25","slug":"controles-contra-falla-de-flama-lme21-330c2-2","status":"publish","type":"product","link":"https:\/\/thermalcombustion.com\/catalogo1\/producto\/controles-contra-falla-de-flama-lme21-330c2-2\/","title":{"rendered":"Controles Contra Falla de Flama LME21.330C2"},"content":{"rendered":"<p>Los controles contra falla de flama Siemens, tambi\u00e9n conocidos como Control Box \u00f3 Control de flama \u00f3 Control de llama, para quemadores industriales, son altamente seguros y garantizan un funcionamiento fiable, permite la supervisi\u00f3n de la falla de flama de quemadores de diferentes tipos y modalidades (Dos etapa | Fuego Alto &amp; Fuego Bajo | Two Stages). Lo que permite que los procesos en donde se involucren sistemas de Combusti\u00f3n sean confiables y de muy bajo riesgo, dado que involucran combustibles flamables.<\/p>\n","protected":false},"excerpt":{"rendered":"<p>Controles Contra Falla de Flama SIEMENS | Control Box<\/p>\n","protected":false},"featured_media":591,"template":"","meta":{"content-type":"","_joinchat":[]},"product_cat":[34],"product_tag":[36],"_links":{"self":[{"href":"https:\/\/thermalcombustion.com\/catalogo1\/wp-json\/wp\/v2\/product\/988"}],"collection":[{"href":"https:\/\/thermalcombustion.com\/catalogo1\/wp-json\/wp\/v2\/product"}],"about":[{"href":"https:\/\/thermalcombustion.com\/catalogo1\/wp-json\/wp\/v2\/types\/product"}],"wp:featuredmedia":[{"embeddable":true,"href":"https:\/\/thermalcombustion.com\/catalogo1\/wp-json\/wp\/v2\/media\/591"}],"wp:attachment":[{"href":"https:\/\/thermalcombustion.com\/catalogo1\/wp-json\/wp\/v2\/media?parent=988"}],"wp:term":[{"taxonomy":"product_cat","embeddable":true,"href":"https:\/\/thermalcombustion.com\/catalogo1\/wp-json\/wp\/v2\/product_cat?post=988"},{"taxonomy":"product_tag","embeddable":true,"href":"https:\/\/thermalcombustion.com\/catalogo1\/wp-json\/wp\/v2\/product_tag?post=988"}],"curies":[{"name":"wp","href":"https:\/\/api.w.org\/{rel}","templated":true}]}}